{"id":903,"date":"2014-12-10T14:54:11","date_gmt":"2014-12-10T14:54:11","guid":{"rendered":"http:\/\/www.telemat.co.uk\/ynglyn-a-telemat\/astudiaethau-achos\/case-study-cloud\/"},"modified":"2014-12-19T10:11:57","modified_gmt":"2014-12-19T10:11:57","slug":"astudiaeth-achos-y-cwmwl","status":"publish","type":"page","link":"https:\/\/www.telemat.co.uk\/cy\/about-telemat\/case-studies\/astudiaeth-achos-y-cwmwl\/","title":{"rendered":"Astudiaeth achos: Y Cwmwl"},"content":{"rendered":"<p>Cwmni cyfrifyddu yw Wynne &amp; Co., sydd wedi&#8217;i leoli yng Nghaerfyrddin. Oherwydd ei fod yn fusnes bach, mae hyblygrwydd yn hanfodol i&#8217;r cwmni er mwyn darparu gwasanaeth o&#8217;r radd flaenaf i&#8217;w gleientiaid. Mae&#8217;r gallu i gynnig dulliau hyblyg o weithio hefyd yn bwysig i Wynne &amp; Co., oherwydd mae cefnogi bywyd teuluol pob gweithiwr yn rhan o ethos y cwmni.<\/p>\n<p>&#8220;Mae symud i&#8217;r Cwmwl wedi hwyluso&#8217;r hyblygrwydd hwnnw, oherwydd bellach mae modd i&#8217;r busnes gael gafael ar ei holl ddata yn unrhyw le ac ar unrhyw bryd gan ddefnyddio unrhyw ddyfais TG. Mae hynny&#8217;n arbed amser ac arian i&#8217;n cleientiaid ac i&#8217;r cwmni,&#8221; meddai Cyfarwyddwr Wynne &amp; Co., Sarah Wynne.<\/p>\n<p>&#8220;Drwy Telemat y daethom i wybod bod Google Drive a Gmail yn ddulliau effeithiol o rannu gwybodaeth a dogfennau,&#8221; esboniodd. &#8220;Heb os, mae wedi gwella&#8217;r modd yr ydym yn darparu gwasanaethau, oherwydd mae&#8217;n ein galluogi i fod yn gynhyrchiol ble bynnag yr ydym yn digwydd gweithio. Yn ogystal, mae&#8217;r ffaith ein bod yn defnyddio&#8217;r rhaglen Google Calendar yn golygu nad oes yn rhaid i ni wastraffu amser yn ffonio neu&#8217;n ebostio ein gilydd i drefnu apwyntiadau ar gyfer cleientiaid, gan fod y cyfan ar flaenau ein bysedd erbyn hyn.&#8221;<\/p>\n<p>Nododd\u00a0Sarah hefyd na chafwyd unrhyw drafferthion wrth drosglwyddo&#8217;r data. &#8220;Gyda Telemat, roedd trosglwyddo i&#8217;r Cwmwl yn broses ddi-dor,&#8221; meddai. &#8220;Fe wnaethon ni hyd yn oed ofyn i Telemat drosglwyddo&#8217;r data ar amser penodol er mwyn i&#8217;r broses gyd-fynd \u00e2&#8217;n diwrnod gwaith. Llwyddodd Telemat i wneud i&#8217;r cyfan ymddangos yn hawdd, ond rwy&#8217;n si\u0175r nad oedd mor hawdd \u00e2 hynny mewn gwirionedd!&#8221;<\/p>\n<p style=\"text-align: right;\"><a class=\"cta\">Gwell bod mewn Cwmwl na than gwmwl! Ffoniwch ni ar 01239 712345 neu ebostiwch enquiries@telemat.co.uk<\/a><\/p>\n","protected":false},"excerpt":{"rendered":"<p>Cwmni cyfrifyddu yw Wynne &amp; Co., sydd wedi&#8217;i leoli yng Nghaerfyrddin. Oherwydd ei fod yn fusnes bach, mae hyblygrwydd yn<a class=\"moretag\" \n\thref=\"https:\/\/www.telemat.co.uk\/cy\/about-telemat\/case-studies\/astudiaeth-achos-y-cwmwl\/\">&#8230;Read More<\/a><\/p>\n","protected":false},"author":2,"featured_media":0,"parent":1176,"menu_order":0,"comment_status":"open","ping_status":"open","template":"","meta":{"_acf_changed":false,"footnotes":""},"class_list":["post-903","page","type-page","status-publish","hentry"],"acf":[],"yoast_head":"<!-- This site is optimized with the Yoast SEO plugin v27.4 - https:\/\/yoast.com\/product\/yoast-seo-wordpress\/ -->\n<title>Astudiaeth achos: Y Cwmwl - Telemat<\/title>\n<meta name=\"description\" content=\"Soniodd Telemat wrth Wynne &amp; Co. am y Cwmwl, sy&#039;n galluogi busnesau i weld eu data unrhyw bryd, yn unrhyw le, ar unrhyw ddyfais TG gan arbed amser ac arian.\" \/>\n<meta name=\"robots\" content=\"index, follow, max-snippet:-1, max-image-preview:large, max-video-preview:-1\" \/>\n<link rel=\"canonical\" href=\"https:\/\/www.telemat.co.uk\/cy\/about-telemat\/case-studies\/astudiaeth-achos-y-cwmwl\/\" \/>\n<meta property=\"og:locale\" content=\"en_US\" \/>\n<meta property=\"og:type\" content=\"article\" \/>\n<meta property=\"og:title\" content=\"Astudiaeth achos: Y Cwmwl - Telemat\" \/>\n<meta property=\"og:description\" content=\"Soniodd Telemat wrth Wynne &amp; Co. am y Cwmwl, sy&#039;n galluogi busnesau i weld eu data unrhyw bryd, yn unrhyw le, ar unrhyw ddyfais TG gan arbed amser ac arian.\" \/>\n<meta property=\"og:url\" content=\"https:\/\/www.telemat.co.uk\/cy\/about-telemat\/case-studies\/astudiaeth-achos-y-cwmwl\/\" \/>\n<meta property=\"og:site_name\" content=\"Telemat\" \/>\n<meta property=\"article:modified_time\" content=\"2014-12-19T10:11:57+00:00\" \/>\n<meta name=\"twitter:label1\" content=\"Est. reading time\" \/>\n\t<meta name=\"twitter:data1\" content=\"1 munud\" \/>\n<script type=\"application\/ld+json\" class=\"yoast-schema-graph\">{\"@context\":\"https:\\\/\\\/schema.org\",\"@graph\":[{\"@type\":\"WebPage\",\"@id\":\"https:\\\/\\\/www.telemat.co.uk\\\/cy\\\/about-telemat\\\/case-studies\\\/astudiaeth-achos-y-cwmwl\\\/\",\"url\":\"https:\\\/\\\/www.telemat.co.uk\\\/cy\\\/about-telemat\\\/case-studies\\\/astudiaeth-achos-y-cwmwl\\\/\",\"name\":\"Astudiaeth achos: Y Cwmwl - Telemat\",\"isPartOf\":{\"@id\":\"https:\\\/\\\/www.telemat.co.uk\\\/#website\"},\"datePublished\":\"2014-12-10T14:54:11+00:00\",\"dateModified\":\"2014-12-19T10:11:57+00:00\",\"description\":\"Soniodd Telemat wrth Wynne & Co. am y Cwmwl, sy'n galluogi busnesau i weld eu data unrhyw bryd, yn unrhyw le, ar unrhyw ddyfais TG gan arbed amser ac arian.\",\"breadcrumb\":{\"@id\":\"https:\\\/\\\/www.telemat.co.uk\\\/cy\\\/about-telemat\\\/case-studies\\\/astudiaeth-achos-y-cwmwl\\\/#breadcrumb\"},\"inLanguage\":\"cy\",\"potentialAction\":[{\"@type\":\"ReadAction\",\"target\":[\"https:\\\/\\\/www.telemat.co.uk\\\/cy\\\/about-telemat\\\/case-studies\\\/astudiaeth-achos-y-cwmwl\\\/\"]}]},{\"@type\":\"BreadcrumbList\",\"@id\":\"https:\\\/\\\/www.telemat.co.uk\\\/cy\\\/about-telemat\\\/case-studies\\\/astudiaeth-achos-y-cwmwl\\\/#breadcrumb\",\"itemListElement\":[{\"@type\":\"ListItem\",\"position\":1,\"name\":\"Home\",\"item\":\"https:\\\/\\\/www.telemat.co.uk\\\/cy\\\/\"},{\"@type\":\"ListItem\",\"position\":2,\"name\":\"Amdanom Ni\",\"item\":\"https:\\\/\\\/www.telemat.co.uk\\\/cy\\\/about-telemat\\\/\"},{\"@type\":\"ListItem\",\"position\":3,\"name\":\"Astudiaethau Achos\",\"item\":\"https:\\\/\\\/www.telemat.co.uk\\\/cy\\\/about-telemat\\\/case-studies\\\/\"},{\"@type\":\"ListItem\",\"position\":4,\"name\":\"Astudiaeth achos: Y Cwmwl\"}]},{\"@type\":\"WebSite\",\"@id\":\"https:\\\/\\\/www.telemat.co.uk\\\/#website\",\"url\":\"https:\\\/\\\/www.telemat.co.uk\\\/\",\"name\":\"Telemat\",\"description\":\"y dechnoleg, y wybodaeth\",\"potentialAction\":[{\"@type\":\"SearchAction\",\"target\":{\"@type\":\"EntryPoint\",\"urlTemplate\":\"https:\\\/\\\/www.telemat.co.uk\\\/?s={search_term_string}\"},\"query-input\":{\"@type\":\"PropertyValueSpecification\",\"valueRequired\":true,\"valueName\":\"search_term_string\"}}],\"inLanguage\":\"cy\"}]}<\/script>\n<!-- \/ Yoast SEO plugin. -->","yoast_head_json":{"title":"Astudiaeth achos: Y Cwmwl - Telemat","description":"Soniodd Telemat wrth Wynne & Co. am y Cwmwl, sy'n galluogi busnesau i weld eu data unrhyw bryd, yn unrhyw le, ar unrhyw ddyfais TG gan arbed amser ac arian.","robots":{"index":"index","follow":"follow","max-snippet":"max-snippet:-1","max-image-preview":"max-image-preview:large","max-video-preview":"max-video-preview:-1"},"canonical":"https:\/\/www.telemat.co.uk\/cy\/about-telemat\/case-studies\/astudiaeth-achos-y-cwmwl\/","og_locale":"en_US","og_type":"article","og_title":"Astudiaeth achos: Y Cwmwl - Telemat","og_description":"Soniodd Telemat wrth Wynne & Co. am y Cwmwl, sy'n galluogi busnesau i weld eu data unrhyw bryd, yn unrhyw le, ar unrhyw ddyfais TG gan arbed amser ac arian.","og_url":"https:\/\/www.telemat.co.uk\/cy\/about-telemat\/case-studies\/astudiaeth-achos-y-cwmwl\/","og_site_name":"Telemat","article_modified_time":"2014-12-19T10:11:57+00:00","twitter_misc":{"Est. reading time":"1 munud"},"schema":{"@context":"https:\/\/schema.org","@graph":[{"@type":"WebPage","@id":"https:\/\/www.telemat.co.uk\/cy\/about-telemat\/case-studies\/astudiaeth-achos-y-cwmwl\/","url":"https:\/\/www.telemat.co.uk\/cy\/about-telemat\/case-studies\/astudiaeth-achos-y-cwmwl\/","name":"Astudiaeth achos: Y Cwmwl - Telemat","isPartOf":{"@id":"https:\/\/www.telemat.co.uk\/#website"},"datePublished":"2014-12-10T14:54:11+00:00","dateModified":"2014-12-19T10:11:57+00:00","description":"Soniodd Telemat wrth Wynne & Co. am y Cwmwl, sy'n galluogi busnesau i weld eu data unrhyw bryd, yn unrhyw le, ar unrhyw ddyfais TG gan arbed amser ac arian.","breadcrumb":{"@id":"https:\/\/www.telemat.co.uk\/cy\/about-telemat\/case-studies\/astudiaeth-achos-y-cwmwl\/#breadcrumb"},"inLanguage":"cy","potentialAction":[{"@type":"ReadAction","target":["https:\/\/www.telemat.co.uk\/cy\/about-telemat\/case-studies\/astudiaeth-achos-y-cwmwl\/"]}]},{"@type":"BreadcrumbList","@id":"https:\/\/www.telemat.co.uk\/cy\/about-telemat\/case-studies\/astudiaeth-achos-y-cwmwl\/#breadcrumb","itemListElement":[{"@type":"ListItem","position":1,"name":"Home","item":"https:\/\/www.telemat.co.uk\/cy\/"},{"@type":"ListItem","position":2,"name":"Amdanom Ni","item":"https:\/\/www.telemat.co.uk\/cy\/about-telemat\/"},{"@type":"ListItem","position":3,"name":"Astudiaethau Achos","item":"https:\/\/www.telemat.co.uk\/cy\/about-telemat\/case-studies\/"},{"@type":"ListItem","position":4,"name":"Astudiaeth achos: Y Cwmwl"}]},{"@type":"WebSite","@id":"https:\/\/www.telemat.co.uk\/#website","url":"https:\/\/www.telemat.co.uk\/","name":"Telemat","description":"y dechnoleg, y wybodaeth","potentialAction":[{"@type":"SearchAction","target":{"@type":"EntryPoint","urlTemplate":"https:\/\/www.telemat.co.uk\/?s={search_term_string}"},"query-input":{"@type":"PropertyValueSpecification","valueRequired":true,"valueName":"search_term_string"}}],"inLanguage":"cy"}]}},"_links":{"self":[{"href":"https:\/\/www.telemat.co.uk\/cy\/wp-json\/wp\/v2\/pages\/903","targetHints":{"allow":["GET"]}}],"collection":[{"href":"https:\/\/www.telemat.co.uk\/cy\/wp-json\/wp\/v2\/pages"}],"about":[{"href":"https:\/\/www.telemat.co.uk\/cy\/wp-json\/wp\/v2\/types\/page"}],"author":[{"embeddable":true,"href":"https:\/\/www.telemat.co.uk\/cy\/wp-json\/wp\/v2\/users\/2"}],"replies":[{"embeddable":true,"href":"https:\/\/www.telemat.co.uk\/cy\/wp-json\/wp\/v2\/comments?post=903"}],"version-history":[{"count":0,"href":"https:\/\/www.telemat.co.uk\/cy\/wp-json\/wp\/v2\/pages\/903\/revisions"}],"up":[{"embeddable":true,"href":"https:\/\/www.telemat.co.uk\/cy\/wp-json\/wp\/v2\/pages\/1176"}],"wp:attachment":[{"href":"https:\/\/www.telemat.co.uk\/cy\/wp-json\/wp\/v2\/media?parent=903"}],"curies":[{"name":"wp","href":"https:\/\/api.w.org\/{rel}","templated":true}]}}