{"id":3442,"date":"2021-08-27T08:38:16","date_gmt":"2021-08-27T07:38:16","guid":{"rendered":"https:\/\/www.telemat.co.uk\/it-support\/"},"modified":"2022-06-28T11:32:41","modified_gmt":"2022-06-28T10:32:41","slug":"it-support","status":"publish","type":"page","link":"https:\/\/www.telemat.co.uk\/cy\/it-support\/","title":{"rendered":"Cefnogaeth TG"},"content":{"rendered":"\n<div class=\"wp-block-cover is-light has-custom-content-position is-position-center-left top-cover-block\" style=\"min-height:600px;aspect-ratio:unset;\"><span aria-hidden=\"true\" class=\"has-background-dim-0 wp-block-cover__gradient-background has-background-dim\"><\/span><img loading=\"lazy\" decoding=\"async\" width=\"1300\" height=\"975\" class=\"wp-block-cover__image-background wp-image-2925\" alt=\"\" src=\"http:\/\/www.telemat.co.uk\/wp-content\/uploads\/2021\/08\/Telemat-Van-2.jpg\" style=\"object-position:60% 28%\" data-object-fit=\"cover\" data-object-position=\"60% 28%\" srcset=\"https:\/\/www.telemat.co.uk\/wp-content\/uploads\/2021\/08\/Telemat-Van-2.jpg 1300w, https:\/\/www.telemat.co.uk\/wp-content\/uploads\/2021\/08\/Telemat-Van-2-300x225.jpg 300w, https:\/\/www.telemat.co.uk\/wp-content\/uploads\/2021\/08\/Telemat-Van-2-1024x768.jpg 1024w, https:\/\/www.telemat.co.uk\/wp-content\/uploads\/2021\/08\/Telemat-Van-2-768x576.jpg 768w\" sizes=\"auto, (max-width: 1300px) 100vw, 1300px\" \/><div class=\"wp-block-cover__inner-container is-layout-flow wp-block-cover-is-layout-flow\">\n<h1 class=\"has-white-color has-text-color wp-block-heading\">Cefnogaeth TG<\/h1>\n\n\n\n<p class=\"has-text-color\" style=\"color:#f39c29;font-size:24px\"><strong>Ein busnes ni yw cadw eich busnes chi yn weithredol, arlein ac yn ddiogel.<\/strong><\/p>\n\n\n\n<p class=\"has-white-color has-text-color\">Gallwn eich helpu i redeg eich system TG yn effeithiol.<\/p>\n\n\n\n<p><\/p>\n\n\n\n<div class=\"wp-block-buttons is-layout-flex wp-block-buttons-is-layout-flex\">\n<div class=\"wp-block-button\"><a class=\"wp-block-button__link\" href=\"\/?page_id=2694\">ADOLYGIAD TG AM DDIM<\/a><\/div>\n<\/div>\n<\/div><\/div>\n\n\n\n<div class=\"wp-block-group orange-banner-block has-white-color has-text-color has-background\" style=\"background-color:#f39c29\"><div class=\"wp-block-group__inner-container is-layout-flow wp-block-group-is-layout-flow\">\n<div class=\"wp-block-columns is-layout-flex wp-container-core-columns-is-layout-9d6595d7 wp-block-columns-is-layout-flex\">\n<div class=\"wp-block-column is-layout-flow wp-block-column-is-layout-flow\">\n<h2 class=\"wp-block-heading\">Gwneud yn fawr o\u2019ch darpariaeth Ddi-Wifr<\/h2>\n\n\n\n<p>Cofrestrwch Ar Gyfer Dosbarth Meistr TG <\/p>\n\n\n\n<p> <strong><a href=\"tel:01239712345\">01239 712 345<\/a> <\/strong><\/p>\n<\/div>\n\n\n\n<div class=\"wp-block-column is-layout-flow wp-block-column-is-layout-flow\">\n<div class=\"wp-block-buttons is-layout-flex wp-block-buttons-is-layout-flex\">\n<div class=\"wp-block-button\"><a class=\"wp-block-button__link\" href=\"\/?p=2695\">cael eich dosbarth meistr marchnata wifi<\/a><\/div>\n<\/div>\n<\/div>\n<\/div>\n<\/div><\/div>\n\n\n\n<div class=\"wp-block-media-text alignwide has-media-on-the-right is-stacked-on-mobile is-image-fill media-text-with-image-link\"><figure class=\"wp-block-media-text__media\" style=\"background-image:url(http:\/\/www.telemat.co.uk\/wp-content\/uploads\/2021\/08\/Remote-Working-filler-1-1024x768.jpg);background-position:26% 81%\"><img loading=\"lazy\" decoding=\"async\" width=\"1024\" height=\"768\" src=\"http:\/\/www.telemat.co.uk\/wp-content\/uploads\/2021\/08\/Remote-Working-filler-1-1024x768.jpg\" alt=\"\" class=\"wp-image-2797 size-full\" srcset=\"https:\/\/www.telemat.co.uk\/wp-content\/uploads\/2021\/08\/Remote-Working-filler-1-1024x768.jpg 1024w, https:\/\/www.telemat.co.uk\/wp-content\/uploads\/2021\/08\/Remote-Working-filler-1-300x225.jpg 300w, https:\/\/www.telemat.co.uk\/wp-content\/uploads\/2021\/08\/Remote-Working-filler-1-768x576.jpg 768w, https:\/\/www.telemat.co.uk\/wp-content\/uploads\/2021\/08\/Remote-Working-filler-1.jpg 1300w\" sizes=\"auto, (max-width: 1024px) 100vw, 1024px\" \/><\/figure><div class=\"wp-block-media-text__content\">\n<h2 class=\"wp-block-heading\">Gweithio o bell<\/h2>\n\n\n\n<p>Mae gweithio gartref wedi dod yn hollbwysig i weithrediadau busnes yn ddiweddar. Gan fod angen i gwmn\u00efau sicrhau y gall timau gydweithio a rhannu gwybodaeth yn gynhyrchiol lle bynnag y b\u00f4nt, mae cael systemau TG sy&#8217;n gallu ymdopi&#8217;n ddi-dor \u00e2 staff sy&#8217;n gweithio o bell yn allweddol.<\/p>\n\n\n\n<p>Mae Telemat wedi dangos y gallwn gadw ein cwsmeriaid i weithio\u2019n effeithlon p\u2019un a yw hynny\u2019n ymwneud \u00e2 chyfathrebu \u00e2 chyflenwyr a chwsmeriaid neu \u00e2\u2019u timau neu ryngweithio \u00e2\u2019u staff swyddfa a chyfrifon.<\/p>\n\n\n\n<div class=\"wp-block-buttons is-layout-flex wp-block-buttons-is-layout-flex\">\n<div class=\"wp-block-button\"><a class=\"wp-block-button__link\" href=\"\/?page_id=2665\">darganfod mwy<\/a><\/div>\n<\/div>\n\n\n\n<p><a href=\"https:\/\/www.telemat.co.uk\/cy\/about-telemat\/astudiaethau-achos\/\">Astudiaeth Achos: Gweld sut roedd LHP yn gallu gweithio&#8217;n gynhyrchiol trwy&#8217;r cyfyngiadau symud<\/a><\/p>\n<\/div><\/div>\n\n\n\n<div class=\"wp-block-media-text alignwide is-stacked-on-mobile is-image-fill media-text-with-image-link\"><figure class=\"wp-block-media-text__media\" style=\"background-image:url(http:\/\/www.telemat.co.uk\/wp-content\/uploads\/2021\/11\/Telemat-Van-and-Kit-1024x491.jpg);background-position:50% 50%\"><img loading=\"lazy\" decoding=\"async\" width=\"1024\" height=\"491\" src=\"http:\/\/www.telemat.co.uk\/wp-content\/uploads\/2021\/11\/Telemat-Van-and-Kit-1024x491.jpg\" alt=\"\" class=\"wp-image-3251 size-full\" srcset=\"https:\/\/www.telemat.co.uk\/wp-content\/uploads\/2021\/11\/Telemat-Van-and-Kit-1024x491.jpg 1024w, https:\/\/www.telemat.co.uk\/wp-content\/uploads\/2021\/11\/Telemat-Van-and-Kit-300x144.jpg 300w, https:\/\/www.telemat.co.uk\/wp-content\/uploads\/2021\/11\/Telemat-Van-and-Kit-768x368.jpg 768w, https:\/\/www.telemat.co.uk\/wp-content\/uploads\/2021\/11\/Telemat-Van-and-Kit.jpg 1100w\" sizes=\"auto, (max-width: 1024px) 100vw, 1024px\" \/><\/figure><div class=\"wp-block-media-text__content\">\n<h2 class=\"wp-block-heading\">Cymorth TG Busnes<\/h2>\n\n\n\n<p>Mae Telemat yn cynnig amrywiaeth o gytundebau lefel gwasanaeth TG busnes hyblyg i weddu i\u2019ch busnes<\/p>\n\n\n\n<p>Mae ein t\u00eem dwyieithog ar gael trwy e-bost a ff\u00f4n i&#8217;ch helpu i ddatrys problemau yn gyflym ac yn ddi-boen &#8211; gan eich cadw&#8217;n gweithio&#8217;n effeithlon a lleihau amser segur.<\/p>\n\n\n\n<div class=\"wp-block-buttons is-layout-flex wp-block-buttons-is-layout-flex\">\n<div class=\"wp-block-button\"><a class=\"wp-block-button__link\" href=\"https:\/\/www.telemat.co.uk\/cy\/business-it-support\/\">darganfod mwy<\/a><\/div>\n<\/div>\n\n\n\n<p><meta charset=\"utf-8\"><a href=\"https:\/\/www.telemat.co.uk\/cy\/about-telemat\/astudiaethau-achos\/\">Astudiaeth Achos: Mae\u2019r Senedd wedi dewis Telemat i gefnogi eu haelodau am y 7 rhwyg diwethaf<\/a><\/p>\n<\/div><\/div>\n\n\n\n<div class=\"wp-block-group orange-banner-block has-white-color has-text-color has-background\" style=\"background-color:#f39c29\"><div class=\"wp-block-group__inner-container is-layout-flow wp-block-group-is-layout-flow\">\n<div class=\"wp-block-columns is-layout-flex wp-container-core-columns-is-layout-9d6595d7 wp-block-columns-is-layout-flex\">\n<div class=\"wp-block-column is-layout-flow wp-block-column-is-layout-flow\">\n<h2 class=\"wp-block-heading\">Gwneud yn fawr o\u2019ch darpariaeth Ddi-Wifr <\/h2>\n\n\n\n<p> Cofrestrwch Ar Gyfer Dosbarth Meistr TG <\/p>\n\n\n\n<p><a href=\"tel:01239712345\">01239 712 345<\/a> <\/p>\n<\/div>\n\n\n\n<div class=\"wp-block-column is-layout-flow wp-block-column-is-layout-flow\">\n<div class=\"wp-block-buttons is-layout-flex wp-block-buttons-is-layout-flex\">\n<div class=\"wp-block-button\"><a class=\"wp-block-button__link\" href=\"\/?p=2695\"> cael eich dosbarth meistr marchnata wifi <\/a><\/div>\n<\/div>\n<\/div>\n<\/div>\n<\/div><\/div>\n","protected":false},"excerpt":{"rendered":"<p>Gwneud yn fawr o\u2019ch darpariaeth Ddi-Wifr Cofrestrwch Ar Gyfer Dosbarth Meistr TG 01239 712 345 Gwneud yn fawr o\u2019ch darpariaeth<a class=\"moretag\" \n\thref=\"https:\/\/www.telemat.co.uk\/cy\/it-support\/\">&#8230;Read More<\/a><\/p>\n","protected":false},"author":43,"featured_media":0,"parent":0,"menu_order":0,"comment_status":"closed","ping_status":"closed","template":"","meta":{"_acf_changed":false,"footnotes":""},"class_list":["post-3442","page","type-page","status-publish","hentry"],"acf":[],"yoast_head":"<!-- This site is optimized with the Yoast SEO plugin v27.4 - https:\/\/yoast.com\/product\/yoast-seo-wordpress\/ -->\n<title>Cefnogaeth TG - Telemat<\/title>\n<meta name=\"robots\" content=\"index, follow, max-snippet:-1, max-image-preview:large, max-video-preview:-1\" \/>\n<link rel=\"canonical\" href=\"https:\/\/www.telemat.co.uk\/cy\/it-support\/\" \/>\n<meta property=\"og:locale\" content=\"en_US\" \/>\n<meta property=\"og:type\" content=\"article\" \/>\n<meta property=\"og:title\" content=\"Cefnogaeth TG - Telemat\" \/>\n<meta property=\"og:description\" content=\"Gwneud yn fawr o\u2019ch darpariaeth Ddi-Wifr Cofrestrwch Ar Gyfer Dosbarth Meistr TG 01239 712 345 Gwneud yn fawr o\u2019ch darpariaeth...Read More\" \/>\n<meta property=\"og:url\" content=\"https:\/\/www.telemat.co.uk\/cy\/it-support\/\" \/>\n<meta property=\"og:site_name\" content=\"Telemat\" \/>\n<meta property=\"article:modified_time\" content=\"2022-06-28T10:32:41+00:00\" \/>\n<meta property=\"og:image\" content=\"http:\/\/www.telemat.co.uk\/wp-content\/uploads\/2021\/08\/Telemat-Van-2.jpg\" \/>\n<meta name=\"twitter:label1\" content=\"Est. reading time\" \/>\n\t<meta name=\"twitter:data1\" content=\"2 funud\" \/>\n<script type=\"application\/ld+json\" class=\"yoast-schema-graph\">{\"@context\":\"https:\\\/\\\/schema.org\",\"@graph\":[{\"@type\":\"WebPage\",\"@id\":\"https:\\\/\\\/www.telemat.co.uk\\\/cy\\\/it-support\\\/\",\"url\":\"https:\\\/\\\/www.telemat.co.uk\\\/cy\\\/it-support\\\/\",\"name\":\"Cefnogaeth TG - Telemat\",\"isPartOf\":{\"@id\":\"https:\\\/\\\/www.telemat.co.uk\\\/#website\"},\"primaryImageOfPage\":{\"@id\":\"https:\\\/\\\/www.telemat.co.uk\\\/cy\\\/it-support\\\/#primaryimage\"},\"image\":{\"@id\":\"https:\\\/\\\/www.telemat.co.uk\\\/cy\\\/it-support\\\/#primaryimage\"},\"thumbnailUrl\":\"http:\\\/\\\/www.telemat.co.uk\\\/wp-content\\\/uploads\\\/2021\\\/08\\\/Telemat-Van-2.jpg\",\"datePublished\":\"2021-08-27T07:38:16+00:00\",\"dateModified\":\"2022-06-28T10:32:41+00:00\",\"breadcrumb\":{\"@id\":\"https:\\\/\\\/www.telemat.co.uk\\\/cy\\\/it-support\\\/#breadcrumb\"},\"inLanguage\":\"cy\",\"potentialAction\":[{\"@type\":\"ReadAction\",\"target\":[\"https:\\\/\\\/www.telemat.co.uk\\\/cy\\\/it-support\\\/\"]}]},{\"@type\":\"ImageObject\",\"inLanguage\":\"cy\",\"@id\":\"https:\\\/\\\/www.telemat.co.uk\\\/cy\\\/it-support\\\/#primaryimage\",\"url\":\"http:\\\/\\\/www.telemat.co.uk\\\/wp-content\\\/uploads\\\/2021\\\/08\\\/Telemat-Van-2.jpg\",\"contentUrl\":\"http:\\\/\\\/www.telemat.co.uk\\\/wp-content\\\/uploads\\\/2021\\\/08\\\/Telemat-Van-2.jpg\"},{\"@type\":\"BreadcrumbList\",\"@id\":\"https:\\\/\\\/www.telemat.co.uk\\\/cy\\\/it-support\\\/#breadcrumb\",\"itemListElement\":[{\"@type\":\"ListItem\",\"position\":1,\"name\":\"Home\",\"item\":\"https:\\\/\\\/www.telemat.co.uk\\\/cy\\\/\"},{\"@type\":\"ListItem\",\"position\":2,\"name\":\"Cefnogaeth TG\"}]},{\"@type\":\"WebSite\",\"@id\":\"https:\\\/\\\/www.telemat.co.uk\\\/#website\",\"url\":\"https:\\\/\\\/www.telemat.co.uk\\\/\",\"name\":\"Telemat\",\"description\":\"y dechnoleg, y wybodaeth\",\"potentialAction\":[{\"@type\":\"SearchAction\",\"target\":{\"@type\":\"EntryPoint\",\"urlTemplate\":\"https:\\\/\\\/www.telemat.co.uk\\\/?s={search_term_string}\"},\"query-input\":{\"@type\":\"PropertyValueSpecification\",\"valueRequired\":true,\"valueName\":\"search_term_string\"}}],\"inLanguage\":\"cy\"}]}<\/script>\n<!-- \/ Yoast SEO plugin. -->","yoast_head_json":{"title":"Cefnogaeth TG - Telemat","robots":{"index":"index","follow":"follow","max-snippet":"max-snippet:-1","max-image-preview":"max-image-preview:large","max-video-preview":"max-video-preview:-1"},"canonical":"https:\/\/www.telemat.co.uk\/cy\/it-support\/","og_locale":"en_US","og_type":"article","og_title":"Cefnogaeth TG - Telemat","og_description":"Gwneud yn fawr o\u2019ch darpariaeth Ddi-Wifr Cofrestrwch Ar Gyfer Dosbarth Meistr TG 01239 712 345 Gwneud yn fawr o\u2019ch darpariaeth...Read More","og_url":"https:\/\/www.telemat.co.uk\/cy\/it-support\/","og_site_name":"Telemat","article_modified_time":"2022-06-28T10:32:41+00:00","og_image":[{"url":"http:\/\/www.telemat.co.uk\/wp-content\/uploads\/2021\/08\/Telemat-Van-2.jpg","type":"","width":"","height":""}],"twitter_misc":{"Est. reading time":"2 funud"},"schema":{"@context":"https:\/\/schema.org","@graph":[{"@type":"WebPage","@id":"https:\/\/www.telemat.co.uk\/cy\/it-support\/","url":"https:\/\/www.telemat.co.uk\/cy\/it-support\/","name":"Cefnogaeth TG - Telemat","isPartOf":{"@id":"https:\/\/www.telemat.co.uk\/#website"},"primaryImageOfPage":{"@id":"https:\/\/www.telemat.co.uk\/cy\/it-support\/#primaryimage"},"image":{"@id":"https:\/\/www.telemat.co.uk\/cy\/it-support\/#primaryimage"},"thumbnailUrl":"http:\/\/www.telemat.co.uk\/wp-content\/uploads\/2021\/08\/Telemat-Van-2.jpg","datePublished":"2021-08-27T07:38:16+00:00","dateModified":"2022-06-28T10:32:41+00:00","breadcrumb":{"@id":"https:\/\/www.telemat.co.uk\/cy\/it-support\/#breadcrumb"},"inLanguage":"cy","potentialAction":[{"@type":"ReadAction","target":["https:\/\/www.telemat.co.uk\/cy\/it-support\/"]}]},{"@type":"ImageObject","inLanguage":"cy","@id":"https:\/\/www.telemat.co.uk\/cy\/it-support\/#primaryimage","url":"http:\/\/www.telemat.co.uk\/wp-content\/uploads\/2021\/08\/Telemat-Van-2.jpg","contentUrl":"http:\/\/www.telemat.co.uk\/wp-content\/uploads\/2021\/08\/Telemat-Van-2.jpg"},{"@type":"BreadcrumbList","@id":"https:\/\/www.telemat.co.uk\/cy\/it-support\/#breadcrumb","itemListElement":[{"@type":"ListItem","position":1,"name":"Home","item":"https:\/\/www.telemat.co.uk\/cy\/"},{"@type":"ListItem","position":2,"name":"Cefnogaeth TG"}]},{"@type":"WebSite","@id":"https:\/\/www.telemat.co.uk\/#website","url":"https:\/\/www.telemat.co.uk\/","name":"Telemat","description":"y dechnoleg, y wybodaeth","potentialAction":[{"@type":"SearchAction","target":{"@type":"EntryPoint","urlTemplate":"https:\/\/www.telemat.co.uk\/?s={search_term_string}"},"query-input":{"@type":"PropertyValueSpecification","valueRequired":true,"valueName":"search_term_string"}}],"inLanguage":"cy"}]}},"_links":{"self":[{"href":"https:\/\/www.telemat.co.uk\/cy\/wp-json\/wp\/v2\/pages\/3442","targetHints":{"allow":["GET"]}}],"collection":[{"href":"https:\/\/www.telemat.co.uk\/cy\/wp-json\/wp\/v2\/pages"}],"about":[{"href":"https:\/\/www.telemat.co.uk\/cy\/wp-json\/wp\/v2\/types\/page"}],"author":[{"embeddable":true,"href":"https:\/\/www.telemat.co.uk\/cy\/wp-json\/wp\/v2\/users\/43"}],"replies":[{"embeddable":true,"href":"https:\/\/www.telemat.co.uk\/cy\/wp-json\/wp\/v2\/comments?post=3442"}],"version-history":[{"count":0,"href":"https:\/\/www.telemat.co.uk\/cy\/wp-json\/wp\/v2\/pages\/3442\/revisions"}],"wp:attachment":[{"href":"https:\/\/www.telemat.co.uk\/cy\/wp-json\/wp\/v2\/media?parent=3442"}],"curies":[{"name":"wp","href":"https:\/\/api.w.org\/{rel}","templated":true}]}}