{"id":124,"date":"2014-08-21T20:15:00","date_gmt":"2014-08-21T20:15:00","guid":{"rendered":"http:http:\/\/www.telemat.co.uk\/?page_id=124"},"modified":"2022-09-12T14:15:32","modified_gmt":"2022-09-12T13:15:32","slug":"home","status":"publish","type":"page","link":"https:\/\/www.telemat.co.uk\/cy\/","title":{"rendered":"Hafan"},"content":{"rendered":"\n<div class=\"wp-block-cover is-light top-cover-block top-cover-block-with-three-columns\"><span aria-hidden=\"true\" class=\"wp-block-cover__background has-background-dim-0 has-background-dim\"><\/span><img loading=\"lazy\" decoding=\"async\" width=\"2000\" height=\"1500\" class=\"wp-block-cover__image-background wp-image-3408\" alt=\"\" src=\"http:\/\/www.telemat.co.uk\/wp-content\/uploads\/2022\/01\/Telemat-Office.jpg\" data-object-fit=\"cover\" srcset=\"https:\/\/www.telemat.co.uk\/wp-content\/uploads\/2022\/01\/Telemat-Office.jpg 2000w, https:\/\/www.telemat.co.uk\/wp-content\/uploads\/2022\/01\/Telemat-Office-300x225.jpg 300w, https:\/\/www.telemat.co.uk\/wp-content\/uploads\/2022\/01\/Telemat-Office-1024x768.jpg 1024w, https:\/\/www.telemat.co.uk\/wp-content\/uploads\/2022\/01\/Telemat-Office-768x576.jpg 768w, https:\/\/www.telemat.co.uk\/wp-content\/uploads\/2022\/01\/Telemat-Office-1536x1152.jpg 1536w\" sizes=\"auto, (max-width: 2000px) 100vw, 2000px\" \/><div class=\"wp-block-cover__inner-container is-layout-flow wp-block-cover-is-layout-flow\">\n<div class=\"wp-block-group home-top-header-block-inner-group padding-container\"><div class=\"wp-block-group__inner-container is-layout-flow wp-block-group-is-layout-flow\">\n<h1 class=\"has-white-color has-text-color wp-block-heading\">CEFNOGAETH TG TELEMAT<\/h1>\n\n\n\n<h2 class=\"has-white-color has-text-color wp-block-heading\">T\u00eem profiadol o arbenigwyr TG.<\/h2>\n\n\n\n<p class=\"top-cover-block-p has-white-color has-text-color\">Gallwch ymddiried yn ein t\u00eem o arbenigwyr TG i gyflawni gwasanaeth hyblyg, dwyieithog dros y ff\u00f4n, ar ebost neu ar leoliad.<\/p>\n\n\n\n<p class=\"top-cover-block-p\"><\/p>\n\n\n\n<p><\/p>\n<\/div><\/div>\n\n\n\n<div class=\"wp-block-buttons is-layout-flex wp-block-buttons-is-layout-flex\">\n<div class=\"wp-block-button\"><a class=\"wp-block-button__link\" href=\"https:\/\/www.telemat.co.uk\/cy\/contact-us\/\">Cysylltwch nawr<\/a><\/div>\n<\/div>\n\n\n\n<div class=\"wp-block-columns is-layout-flex wp-container-core-columns-is-layout-9d6595d7 wp-block-columns-is-layout-flex\">\n<div class=\"wp-block-column is-layout-flow wp-block-column-is-layout-flow\">\n<h3 class=\"has-white-color has-text-color wp-block-heading\">Di-Wifr<\/h3>\n\n\n\n<p class=\"has-white-color has-text-color\">Wedi cael llond bol ar gysylltiad annibynadwy? <\/p>\n\n\n\n<p class=\"has-white-color has-text-color\">Mynnwch signal Di-Wifr cyflym, gwydn yn eich adeilad neu dref.<\/p>\n\n\n\n<p><a href=\"https:\/\/www.telemat.co.uk\/cy\/wifi\/\">Ymgynghoriad a dyfnbris am ddim<\/a><\/p>\n<\/div>\n\n\n\n<div class=\"wp-block-column is-layout-flow wp-block-column-is-layout-flow\">\n<h3 class=\"has-white-color has-text-color wp-block-heading\">Cytundebau Cefnogaeth TG<\/h3>\n\n\n\n<p class=\"has-white-color has-text-color\">Arbedwch ar amser segur gyda chefnogaeth TG fforddiadwy \u2013 ar yr union adeg sydd ei hangen.<\/p>\n\n\n\n<p class=\"has-white-color has-text-color\">Dewis o becynnau ar gyfer pob math o fusnes.<\/p>\n\n\n\n<p><a href=\"https:\/\/www.telemat.co.uk\/cy\/it-services\/business-it-support\/\">Ein pecynnau<\/a><\/p>\n<\/div>\n\n\n\n<div class=\"wp-block-column is-layout-flow wp-block-column-is-layout-flow\">\n<h3 class=\"has-white-color has-text-color wp-block-heading\">Microsoft 365<\/h3>\n\n\n\n<p class=\"has-white-color has-text-color\">(Office 365 gynt)<\/p>\n\n\n\n<p class=\"has-white-color has-text-color\">Gallwch weithio\u2019n fwy effeithiol gydag ebost diogel a hyblyg ac apiau sy&#8217;n gweithio&#8217;n ddi-dor ar, a thu hwnt, i\u2019ch safle.<\/p>\n\n\n\n<p><a href=\"https:\/\/www.telemat.co.uk\/cy\/office-365\/\">Darganfod mwy. Gofynnwch am ein cynnig Elusennau am Ddim<\/a><\/p>\n<\/div>\n<\/div>\n<\/div><\/div>\n\n\n\n<div class=\"i-want-to-select-block\">\n<label for=\"pet-select\">Rydw I eisiau&#8230;<\/label>\n<select name=\"i-want-to\" id=\"i-want-to-select\" class=\"i-want-to-select\">\n    <option value=\"wifi\">Gwella fy nghysylltiad Wi-Fi yn fy musnes<\/option>\n    <option value=\"it-services\/remote-it-support\">Cael fy staff i weithio&#8217;n fwy effeithiol gartref<\/option>\n    <option value=\"office-365\">Defnyddiwch Microsoft 365 i wneud fy musnes yn fwy effeithlon<\/option>\n    <option value=\"it-support\">Mynnwch ragor o wybodaeth am becynnau cymorth TG Telemat<\/option>\n<\/select>\n<a class=\"cta\" href=\"https:\/\/www.telemat.co.uk\/cy\/wifi\/\">Cael Help<\/a>\n<\/div>\n\n\n\n<div class=\"wp-block-columns two-column-orange-line is-layout-flex wp-container-core-columns-is-layout-9d6595d7 wp-block-columns-is-layout-flex\">\n<div class=\"wp-block-column is-layout-flow wp-block-column-is-layout-flow\">\n<figure class=\"wp-block-image size-large\"><a href=\"https:\/\/www.telemat.co.uk\/cy\/?p=3058\"><img loading=\"lazy\" decoding=\"async\" width=\"1024\" height=\"665\" src=\"http:\/\/www.telemat.co.uk\/wp-content\/uploads\/2021\/08\/NVW-C77-1011-0019-1024x665.jpg\" alt=\"\" class=\"wp-image-2977\" srcset=\"https:\/\/www.telemat.co.uk\/wp-content\/uploads\/2021\/08\/NVW-C77-1011-0019-1024x665.jpg 1024w, https:\/\/www.telemat.co.uk\/wp-content\/uploads\/2021\/08\/NVW-C77-1011-0019-300x195.jpg 300w, https:\/\/www.telemat.co.uk\/wp-content\/uploads\/2021\/08\/NVW-C77-1011-0019-768x499.jpg 768w, https:\/\/www.telemat.co.uk\/wp-content\/uploads\/2021\/08\/NVW-C77-1011-0019.jpg 1400w\" sizes=\"auto, (max-width: 1024px) 100vw, 1024px\" \/><\/a><figcaption><a href=\"https:\/\/www.telemat.co.uk\/cy\/?p=3058\"><br><br><br><br>Astudiaeth Achos: Darllenwch sut mae Aberteifi wedi ymgysylltu ag ymwelwyr trwy Ddi-Wifr i Drefi<\/a><\/figcaption><\/figure>\n\n\n\n<h2 class=\"wp-block-heading\">Di-Wifr i Drefi a LoRaWan<\/h2>\n\n\n\n<p>Mae ein datrysiadau yn rhoi cysylltedd hanfodol i chi ar draws eich cymuned fusnes.<\/p>\n\n\n\n<p>Gall ein cefnogaeth LoRaWan ddatrys problemau gweithredol a rheolaeth trefi.<\/p>\n\n\n\n<p>Darganfyddwch sut mae rhoi hwb i nifer yr ymwelwyr \u00e2\u2019r stryd fawr a chynyddu refeniw.<\/p>\n\n\n\n<div class=\"wp-block-buttons is-layout-flex wp-block-buttons-is-layout-flex\">\n<div class=\"wp-block-button\"><a class=\"wp-block-button__link\" href=\"https:\/\/www.telemat.co.uk\/wifi-masterclass\/\">DOSBARTH MEISTR DI-WIFR AM DDIM<\/a><\/div>\n<\/div>\n\n\n\n<p><\/p>\n<\/div>\n\n\n\n<div class=\"wp-block-column is-layout-flow wp-block-column-is-layout-flow\">\n<figure class=\"wp-block-image size-large\"><a href=\"http:\/\/www.telemat.co.uk\/wp-content\/uploads\/2021\/11\/IMG_5455.jpg\"><img loading=\"lazy\" decoding=\"async\" width=\"1024\" height=\"768\" src=\"http:\/\/www.telemat.co.uk\/wp-content\/uploads\/2021\/11\/IMG_5455-1024x768.jpg\" alt=\"\" class=\"wp-image-3199\" srcset=\"https:\/\/www.telemat.co.uk\/wp-content\/uploads\/2021\/11\/IMG_5455-1024x768.jpg 1024w, https:\/\/www.telemat.co.uk\/wp-content\/uploads\/2021\/11\/IMG_5455-300x225.jpg 300w, https:\/\/www.telemat.co.uk\/wp-content\/uploads\/2021\/11\/IMG_5455-768x576.jpg 768w, https:\/\/www.telemat.co.uk\/wp-content\/uploads\/2021\/11\/IMG_5455-1536x1152.jpg 1536w, https:\/\/www.telemat.co.uk\/wp-content\/uploads\/2021\/11\/IMG_5455.jpg 1600w\" sizes=\"auto, (max-width: 1024px) 100vw, 1024px\" \/><\/a><figcaption><a href=\"https:\/\/www.telemat.co.uk\/cy\/?p=3060\">Case Study: <\/a>Y Senedd \u2013 Ers 7 mlynedd bellach, t\u00eem Telemat yw peirianwyr maes TG aelodau\u2019r Senedd<\/figcaption><\/figure>\n\n\n\n<h2 class=\"wp-block-heading\">Cytundebau Cefnogaeth TG<\/h2>\n\n\n\n<p>Arbedwch ar amser segur gyda chymorth TG fforddiadwy \u2013 ar yr union adeg sydd ei hangen.<\/p>\n\n\n\n<p>Rydym yn cynnig dewis o becynnau ar gyfer pob math o fusnesau gan gynnwys:<\/p>\n\n\n\n<p>\u00b7 Cefnogaeth ddiderfyn<\/p>\n\n\n\n<p>\u00b7 Cefnogaeth o bell<\/p>\n\n\n\n<p>\u00b7 Cefnogaeth Dalu wrth Fynd<\/p>\n\n\n\n<div class=\"wp-block-buttons is-layout-flex wp-block-buttons-is-layout-flex\">\n<div class=\"wp-block-button\"><a class=\"wp-block-button__link\" href=\"https:\/\/www.telemat.co.uk\/get-a-free-it-review\/\">ADOLYGIAD TG AM DDIM<\/a><\/div>\n<\/div>\n\n\n\n<p><\/p>\n<\/div>\n<\/div>\n\n\n\n<div class=\"wp-block-columns two-column-orange-line is-layout-flex wp-container-core-columns-is-layout-9d6595d7 wp-block-columns-is-layout-flex\">\n<div class=\"wp-block-column is-layout-flow wp-block-column-is-layout-flow\">\n<figure class=\"wp-block-image size-large\"><a href=\"http:\/\/www.telemat.co.uk\/wp-content\/uploads\/2021\/08\/73cfd361a9fe984ecc2ef40bf499ff0e@2x.jpg\"><img loading=\"lazy\" decoding=\"async\" width=\"1024\" height=\"869\" src=\"http:\/\/www.telemat.co.uk\/wp-content\/uploads\/2021\/08\/73cfd361a9fe984ecc2ef40bf499ff0e@2x-1024x869.jpg\" alt=\"\" class=\"wp-image-2607\" srcset=\"https:\/\/www.telemat.co.uk\/wp-content\/uploads\/2021\/08\/73cfd361a9fe984ecc2ef40bf499ff0e@2x-1024x869.jpg 1024w, https:\/\/www.telemat.co.uk\/wp-content\/uploads\/2021\/08\/73cfd361a9fe984ecc2ef40bf499ff0e@2x-300x255.jpg 300w, https:\/\/www.telemat.co.uk\/wp-content\/uploads\/2021\/08\/73cfd361a9fe984ecc2ef40bf499ff0e@2x-768x652.jpg 768w, https:\/\/www.telemat.co.uk\/wp-content\/uploads\/2021\/08\/73cfd361a9fe984ecc2ef40bf499ff0e@2x-1536x1304.jpg 1536w, https:\/\/www.telemat.co.uk\/wp-content\/uploads\/2021\/08\/73cfd361a9fe984ecc2ef40bf499ff0e@2x.jpg 1798w\" sizes=\"auto, (max-width: 1024px) 100vw, 1024px\" \/><\/a><figcaption><a href=\"https:\/\/www.telemat.co.uk\/cy\/?p=3141\">Astudiaeth Achos: Llwyddodd Telemat i sicrhau bod t\u00eem Busnes Cymru yn gweithio gartref o fewn 48 awr<\/a><\/figcaption><\/figure>\n\n\n\n<h2 class=\"wp-block-heading\">Cefnogaeth TG O Bell<\/h2>\n\n\n\n<p>P&#8217;un a ydych chi&#8217;n gweithio o gartref neu\u2019n teithio o le i le mae gan Telemat amrywiaeth o opsiynau fydd yn sicrhau eich bod yn medru cadw mewn cysylltiad \u00e2&#8217;ch swyddfa a&#8217;ch t\u00eem.<\/p>\n\n\n\n<p>O Ddatrysiadau Rheoli Gweithwyr i VPNs, gallwn gynllunio\u2019r datrysiad gorau i gadw&#8217;ch t\u00eem yn ddiogel ac yn gynhyrchiol.<\/p>\n\n\n\n<div class=\"wp-block-buttons is-layout-flex wp-block-buttons-is-layout-flex\">\n<div class=\"wp-block-button\"><a class=\"wp-block-button__link\" href=\"https:\/\/www.telemat.co.uk\/get-a-free-it-review\/\">ADOLYGIAD TG AM DDIM<\/a><\/div>\n<\/div>\n\n\n\n<p><\/p>\n<\/div>\n\n\n\n<div class=\"wp-block-column is-layout-flow wp-block-column-is-layout-flow\">\n<figure class=\"wp-block-image size-large\"><a href=\"http:\/\/www.telemat.co.uk\/wp-content\/uploads\/2021\/08\/01916f0123fcb854112a19fa092a9b48@2x.jpg\"><img loading=\"lazy\" decoding=\"async\" width=\"1024\" height=\"766\" src=\"http:\/\/www.telemat.co.uk\/wp-content\/uploads\/2021\/08\/01916f0123fcb854112a19fa092a9b48@2x-1024x766.jpg\" alt=\"\" class=\"wp-image-2609\" srcset=\"https:\/\/www.telemat.co.uk\/wp-content\/uploads\/2021\/08\/01916f0123fcb854112a19fa092a9b48@2x-1024x766.jpg 1024w, https:\/\/www.telemat.co.uk\/wp-content\/uploads\/2021\/08\/01916f0123fcb854112a19fa092a9b48@2x-300x225.jpg 300w, https:\/\/www.telemat.co.uk\/wp-content\/uploads\/2021\/08\/01916f0123fcb854112a19fa092a9b48@2x-768x575.jpg 768w, https:\/\/www.telemat.co.uk\/wp-content\/uploads\/2021\/08\/01916f0123fcb854112a19fa092a9b48@2x-1536x1150.jpg 1536w, https:\/\/www.telemat.co.uk\/wp-content\/uploads\/2021\/08\/01916f0123fcb854112a19fa092a9b48@2x.jpg 2036w\" sizes=\"auto, (max-width: 1024px) 100vw, 1024px\" \/><\/a><\/figure>\n\n\n\n<h2 class=\"wp-block-heading\">Microsoft 365 (Office 365 gynt)<\/h2>\n\n\n\n<p>Ble bynnag ydych chi ac ar ba bynnag ddyfais rydych chi\u2019n dymuno ei defnyddio sicrhewch yr ebost gorau sydd ar gael ac apiau Microsoft 365 pwerus.<\/p>\n\n\n\n<p>Darganfyddwch sut y gallwch gael mynediad at eich ffeiliau unrhyw le unrhyw bryd, cysylltu \u00e2&#8217;ch t\u00eem yn ddirwystr a pharhau \u00e2\u2019ch gwaith o&#8217;r un man ac ar unrhyw ddyfais arall.<\/p>\n\n\n\n<div class=\"wp-block-buttons is-layout-flex wp-block-buttons-is-layout-flex\">\n<div class=\"wp-block-button\"><a class=\"wp-block-button__link\" href=\"https:\/\/www.telemat.co.uk\/cy\/contact-us\/\">SIARADWCH AG ARBENIGWR I DDARGANFOD MWY<\/a><\/div>\n<\/div>\n<\/div>\n<\/div>\n\n\n\n<div class=\"wp-block-columns two-column-orange-line is-layout-flex wp-container-core-columns-is-layout-9d6595d7 wp-block-columns-is-layout-flex\">\n<div class=\"wp-block-column is-layout-flow wp-block-column-is-layout-flow\">\n<figure class=\"wp-block-image size-large\"><a href=\"http:\/\/www.telemat.co.uk\/wp-content\/uploads\/2021\/08\/b56f1f5b22cd0faa11ffd9af25cf8122@2x.jpg\"><img loading=\"lazy\" decoding=\"async\" width=\"1024\" height=\"777\" src=\"http:\/\/www.telemat.co.uk\/wp-content\/uploads\/2021\/08\/b56f1f5b22cd0faa11ffd9af25cf8122@2x-1024x777.jpg\" alt=\"\" class=\"wp-image-2611\" srcset=\"https:\/\/www.telemat.co.uk\/wp-content\/uploads\/2021\/08\/b56f1f5b22cd0faa11ffd9af25cf8122@2x-1024x777.jpg 1024w, https:\/\/www.telemat.co.uk\/wp-content\/uploads\/2021\/08\/b56f1f5b22cd0faa11ffd9af25cf8122@2x-300x228.jpg 300w, https:\/\/www.telemat.co.uk\/wp-content\/uploads\/2021\/08\/b56f1f5b22cd0faa11ffd9af25cf8122@2x-768x583.jpg 768w, https:\/\/www.telemat.co.uk\/wp-content\/uploads\/2021\/08\/b56f1f5b22cd0faa11ffd9af25cf8122@2x-1536x1166.jpg 1536w, https:\/\/www.telemat.co.uk\/wp-content\/uploads\/2021\/08\/b56f1f5b22cd0faa11ffd9af25cf8122@2x.jpg 1810w\" sizes=\"auto, (max-width: 1024px) 100vw, 1024px\" \/><\/a><\/figure>\n\n\n\n<h2 class=\"wp-block-heading\">Seibrddiogelwch ac Ymgynghoriad TG<\/h2>\n\n\n\n<p>Cadwch eich busnes yn ddiogel rhag fygythiadau seibr gyda chefnogaeth a chyngor arbenigol.<\/p>\n\n\n\n<p><\/p>\n\n\n\n<p>Gallwn eich diogelu rhag ymdrechion gwe-rwydo, gynnal profion i sicrhau bod eich rhwydwaith yn ddiogel a thrwy\u2019r rhaglen Cyber Essentials gallwn ddangos i\u2019ch cwsmeriaid bod eu data yn ddiogel yn eich dwylo chi.<\/p>\n\n\n\n<div class=\"wp-block-buttons is-layout-flex wp-block-buttons-is-layout-flex\">\n<div class=\"wp-block-button\"><a class=\"wp-block-button__link\" href=\"https:\/\/www.telemat.co.uk\/get-a-free-security-audit\/\">GWIRIAD DIOGELWCH AM DDIM<\/a><\/div>\n<\/div>\n<\/div>\n\n\n\n<div class=\"wp-block-column is-layout-flow wp-block-column-is-layout-flow\">\n<figure class=\"wp-block-image size-large\"><a href=\"http:\/\/www.telemat.co.uk\/wp-content\/uploads\/2021\/08\/Crwst-Alternative.jpg\"><img loading=\"lazy\" decoding=\"async\" width=\"1024\" height=\"768\" src=\"http:\/\/www.telemat.co.uk\/wp-content\/uploads\/2021\/08\/Crwst-Alternative-1024x768.jpg\" alt=\"\" class=\"wp-image-2881\" srcset=\"https:\/\/www.telemat.co.uk\/wp-content\/uploads\/2021\/08\/Crwst-Alternative-1024x768.jpg 1024w, https:\/\/www.telemat.co.uk\/wp-content\/uploads\/2021\/08\/Crwst-Alternative-300x225.jpg 300w, https:\/\/www.telemat.co.uk\/wp-content\/uploads\/2021\/08\/Crwst-Alternative-768x576.jpg 768w, https:\/\/www.telemat.co.uk\/wp-content\/uploads\/2021\/08\/Crwst-Alternative.jpg 1300w\" sizes=\"auto, (max-width: 1024px) 100vw, 1024px\" \/><\/a><figcaption><a href=\"https:\/\/www.telemat.co.uk\/cy\/?p=3147\">Astudiaeth Achos: Defnyddiodd Maes Carafanau Aberllydan WiFi i drawsnewid profiad eu gwesteion<\/a><\/figcaption><\/figure>\n\n\n\n<h2 class=\"wp-block-heading\">Di-Wfir i Fusnes<\/h2>\n\n\n\n<p>Mynnwch rwydwaith Di-Wifr cyflym a gwydn ar gyfer eich busnes. Rydym yn cynnig datrysiadau ar gyfer pob math o fusnesau \u2013 a phob datrysiad wedi\u2019i gynllunio ar gyfer sicrhau cyswllt cyflym a diogel i\u2019r we.- all designed to deliver fast internet for you and your customers safely.Mae ein cwsmeriaid yn gweithio ym meysydd:<\/p>\n\n\n\n<p>Lletygarwch<\/p>\n\n\n\n<p>\u00b7 Twristiaeth<\/p>\n\n\n\n<p>\u00b7 Treftadaeth<\/p>\n\n\n\n<p>\u00b7 Gofal<\/p>\n\n\n\n<p>\u00b7 Amaeth<\/p>\n\n\n\n<div class=\"wp-block-buttons is-layout-flex wp-block-buttons-is-layout-flex\">\n<div class=\"wp-block-button\"><a class=\"wp-block-button__link\" href=\"https:\/\/www.telemat.co.uk\/wifi-masterclass\/\">ARCHEBWCH LE AR DDOSBARTH MARCHNATA DI-WIFR<\/a><\/div>\n<\/div>\n<\/div>\n<\/div>\n\n\n\n<div class=\"wp-block-group has-white-background-color has-background\"><div class=\"wp-block-group__inner-container is-layout-flow wp-block-group-is-layout-flow\">\n<h3 class=\"has-text-align-center has-text-color wp-block-heading\" style=\"color:#525555\">Rhesymau dros ddefnyddio Cefnogaeth TG Telemat<\/h3>\n\n\n\n<div class=\"wp-block-columns three-column-basic no-margin-top has-white-background-color has-text-color has-background is-layout-flex wp-container-core-columns-is-layout-9d6595d7 wp-block-columns-is-layout-flex\" style=\"color:#525555\">\n<div class=\"wp-block-column is-layout-flow wp-block-column-is-layout-flow\">\n<h4 class=\"wp-block-heading\">Cefnogaeth TG yn eich iaith chi<\/h4>\n\n\n\n<figure class=\"wp-block-image size-full\"><a href=\"http:\/\/www.telemat.co.uk\/wp-content\/uploads\/2021\/11\/cymraeg.jpg\"><img loading=\"lazy\" decoding=\"async\" width=\"700\" height=\"560\" src=\"http:\/\/www.telemat.co.uk\/wp-content\/uploads\/2021\/11\/cymraeg.jpg\" alt=\"\" class=\"wp-image-3329\" srcset=\"https:\/\/www.telemat.co.uk\/wp-content\/uploads\/2021\/11\/cymraeg.jpg 700w, https:\/\/www.telemat.co.uk\/wp-content\/uploads\/2021\/11\/cymraeg-300x240.jpg 300w\" sizes=\"auto, (max-width: 700px) 100vw, 700px\" \/><\/a><\/figure>\n\n\n\n<p>Boed yn Gymraeg neu Saesneg, drwy e-bost neu dros y ff\u00f4n \u2013 mae\u2019n hawdd cyfathrebu \u00e2\u2019r t\u00eem.<\/p>\n\n\n\n<p>Pan fyddwch chi&#8217;n barod i siarad \u00e2 Telemat bydd Telemat yn barod i siarad \u00e2 chi!<\/p>\n<\/div>\n\n\n\n<div class=\"wp-block-column is-layout-flow wp-block-column-is-layout-flow\">\n<h4 class=\"wp-block-heading\">Mae 94% o broblemau\u2019n cael eu datrys heb ymweliad \u00e2\u2019r safle<\/h4>\n\n\n\n<figure class=\"wp-block-image size-full\"><a href=\"http:\/\/www.telemat.co.uk\/wp-content\/uploads\/2021\/11\/image002b.jpg\"><img loading=\"lazy\" decoding=\"async\" width=\"700\" height=\"560\" src=\"http:\/\/www.telemat.co.uk\/wp-content\/uploads\/2021\/11\/image002b.jpg\" alt=\"\" class=\"wp-image-3317\" srcset=\"https:\/\/www.telemat.co.uk\/wp-content\/uploads\/2021\/11\/image002b.jpg 700w, https:\/\/www.telemat.co.uk\/wp-content\/uploads\/2021\/11\/image002b-300x240.jpg 300w\" sizes=\"auto, (max-width: 700px) 100vw, 700px\" \/><\/a><\/figure>\n\n\n\n<p>Rydym yn gwybod pa mor bwysig yw hi i&#8217;ch t\u00eem barhau i weithio&#8217;n effeithiol.<\/p>\n\n\n\n<p>Mae ein T\u00eem Desg Gymorth yn gweithio\u2019n galed i ddatrys problemau ein cwsmeriaid yn gyflym heb oedi wrth ymweld \u00e2 safleoedd.<\/p>\n<\/div>\n\n\n\n<div class=\"wp-block-column is-layout-flow wp-block-column-is-layout-flow\">\n<h4 class=\"wp-block-heading\">Cyngor synhwyrol ac onest.<\/h4>\n\n\n\n<figure class=\"wp-block-image size-full\"><a href=\"http:\/\/www.telemat.co.uk\/wp-content\/uploads\/2021\/11\/advice-1.jpg\"><img loading=\"lazy\" decoding=\"async\" width=\"700\" height=\"560\" src=\"http:\/\/www.telemat.co.uk\/wp-content\/uploads\/2021\/11\/advice-1.jpg\" alt=\"\" class=\"wp-image-3333\" srcset=\"https:\/\/www.telemat.co.uk\/wp-content\/uploads\/2021\/11\/advice-1.jpg 700w, https:\/\/www.telemat.co.uk\/wp-content\/uploads\/2021\/11\/advice-1-300x240.jpg 300w\" sizes=\"auto, (max-width: 700px) 100vw, 700px\" \/><\/a><\/figure>\n\n\n\n<p>Rydym yn ymwybodol na fydd yr un system yn addas ar gyfer pob busnes. Felly, ni fyddwn yn eich cynghori i brynu datrysiad anaddas i\u2019ch gofynion chi.<\/p>\n\n\n\n<p>Rydym yn addo rhoi cyngor gonest am yr opsiynau gorau ar gyfer eich busnes chi.<\/p>\n<\/div>\n<\/div>\n<\/div><\/div>\n\n\n\n<p><\/p>\n","protected":false},"excerpt":{"rendered":"<p>Rydw I eisiau&#8230; Gwella fy nghysylltiad Wi-Fi yn fy musnesCael fy staff i weithio&#8217;n fwy effeithiol gartrefDefnyddiwch Microsoft 365 i<a class=\"moretag\" \n\thref=\"https:\/\/www.telemat.co.uk\/cy\/\">&#8230;Read More<\/a><\/p>\n","protected":false},"author":45,"featured_media":0,"parent":0,"menu_order":-1,"comment_status":"open","ping_status":"closed","template":"","meta":{"_acf_changed":false,"footnotes":""},"class_list":["post-124","page","type-page","status-publish","hentry"],"acf":[],"yoast_head":"<!-- This site is optimized with the Yoast SEO plugin v25.8 - https:\/\/yoast.com\/wordpress\/plugins\/seo\/ -->\n<title>Telemat - IT in your language<\/title>\n<meta name=\"robots\" content=\"index, follow, max-snippet:-1, max-image-preview:large, max-video-preview:-1\" \/>\n<link rel=\"canonical\" href=\"https:\/\/www.telemat.co.uk\/cy\/\" \/>\n<meta property=\"og:locale\" content=\"en_US\" \/>\n<meta property=\"og:type\" content=\"article\" \/>\n<meta property=\"og:title\" content=\"Telemat - IT in your language\" \/>\n<meta property=\"og:description\" content=\"Rydw I eisiau&#8230; Gwella fy nghysylltiad Wi-Fi yn fy musnesCael fy staff i weithio&#8217;n fwy effeithiol gartrefDefnyddiwch Microsoft 365 i...Read More\" \/>\n<meta property=\"og:url\" content=\"https:\/\/www.telemat.co.uk\/cy\/\" \/>\n<meta property=\"og:site_name\" content=\"Telemat\" \/>\n<meta property=\"article:modified_time\" content=\"2022-09-12T13:15:32+00:00\" \/>\n<meta property=\"og:image\" content=\"http:\/\/www.telemat.co.uk\/wp-content\/uploads\/2022\/01\/Telemat-Office.jpg\" \/>\n<meta name=\"twitter:label1\" content=\"Est. reading time\" \/>\n\t<meta name=\"twitter:data1\" content=\"6 munud\" \/>\n<script type=\"application\/ld+json\" class=\"yoast-schema-graph\">{\"@context\":\"https:\/\/schema.org\",\"@graph\":[{\"@type\":\"WebPage\",\"@id\":\"https:\/\/www.telemat.co.uk\/cy\/\",\"url\":\"https:\/\/www.telemat.co.uk\/cy\/\",\"name\":\"Telemat - IT in your language\",\"isPartOf\":{\"@id\":\"https:\/\/www.telemat.co.uk\/#website\"},\"primaryImageOfPage\":{\"@id\":\"https:\/\/www.telemat.co.uk\/cy\/#primaryimage\"},\"image\":{\"@id\":\"https:\/\/www.telemat.co.uk\/cy\/#primaryimage\"},\"thumbnailUrl\":\"http:\/\/www.telemat.co.uk\/wp-content\/uploads\/2022\/01\/Telemat-Office.jpg\",\"datePublished\":\"2014-08-21T20:15:00+00:00\",\"dateModified\":\"2022-09-12T13:15:32+00:00\",\"breadcrumb\":{\"@id\":\"https:\/\/www.telemat.co.uk\/cy\/#breadcrumb\"},\"inLanguage\":\"cy\",\"potentialAction\":[{\"@type\":\"ReadAction\",\"target\":[\"https:\/\/www.telemat.co.uk\/cy\/\"]}]},{\"@type\":\"ImageObject\",\"inLanguage\":\"cy\",\"@id\":\"https:\/\/www.telemat.co.uk\/cy\/#primaryimage\",\"url\":\"http:\/\/www.telemat.co.uk\/wp-content\/uploads\/2022\/01\/Telemat-Office.jpg\",\"contentUrl\":\"http:\/\/www.telemat.co.uk\/wp-content\/uploads\/2022\/01\/Telemat-Office.jpg\"},{\"@type\":\"BreadcrumbList\",\"@id\":\"https:\/\/www.telemat.co.uk\/cy\/#breadcrumb\",\"itemListElement\":[{\"@type\":\"ListItem\",\"position\":1,\"name\":\"Home\",\"item\":\"https:\/\/www.telemat.co.uk\/cy\/\"},{\"@type\":\"ListItem\",\"position\":2,\"name\":\"Hafan\"}]},{\"@type\":\"WebSite\",\"@id\":\"https:\/\/www.telemat.co.uk\/#website\",\"url\":\"https:\/\/www.telemat.co.uk\/\",\"name\":\"Telemat\",\"description\":\"y dechnoleg, y wybodaeth\",\"potentialAction\":[{\"@type\":\"SearchAction\",\"target\":{\"@type\":\"EntryPoint\",\"urlTemplate\":\"https:\/\/www.telemat.co.uk\/?s={search_term_string}\"},\"query-input\":{\"@type\":\"PropertyValueSpecification\",\"valueRequired\":true,\"valueName\":\"search_term_string\"}}],\"inLanguage\":\"cy\"}]}<\/script>\n<!-- \/ Yoast SEO plugin. -->","yoast_head_json":{"title":"Telemat - IT in your language","robots":{"index":"index","follow":"follow","max-snippet":"max-snippet:-1","max-image-preview":"max-image-preview:large","max-video-preview":"max-video-preview:-1"},"canonical":"https:\/\/www.telemat.co.uk\/cy\/","og_locale":"en_US","og_type":"article","og_title":"Telemat - IT in your language","og_description":"Rydw I eisiau&#8230; Gwella fy nghysylltiad Wi-Fi yn fy musnesCael fy staff i weithio&#8217;n fwy effeithiol gartrefDefnyddiwch Microsoft 365 i...Read More","og_url":"https:\/\/www.telemat.co.uk\/cy\/","og_site_name":"Telemat","article_modified_time":"2022-09-12T13:15:32+00:00","og_image":[{"url":"http:\/\/www.telemat.co.uk\/wp-content\/uploads\/2022\/01\/Telemat-Office.jpg","type":"","width":"","height":""}],"twitter_misc":{"Est. reading time":"6 munud"},"schema":{"@context":"https:\/\/schema.org","@graph":[{"@type":"WebPage","@id":"https:\/\/www.telemat.co.uk\/cy\/","url":"https:\/\/www.telemat.co.uk\/cy\/","name":"Telemat - IT in your language","isPartOf":{"@id":"https:\/\/www.telemat.co.uk\/#website"},"primaryImageOfPage":{"@id":"https:\/\/www.telemat.co.uk\/cy\/#primaryimage"},"image":{"@id":"https:\/\/www.telemat.co.uk\/cy\/#primaryimage"},"thumbnailUrl":"http:\/\/www.telemat.co.uk\/wp-content\/uploads\/2022\/01\/Telemat-Office.jpg","datePublished":"2014-08-21T20:15:00+00:00","dateModified":"2022-09-12T13:15:32+00:00","breadcrumb":{"@id":"https:\/\/www.telemat.co.uk\/cy\/#breadcrumb"},"inLanguage":"cy","potentialAction":[{"@type":"ReadAction","target":["https:\/\/www.telemat.co.uk\/cy\/"]}]},{"@type":"ImageObject","inLanguage":"cy","@id":"https:\/\/www.telemat.co.uk\/cy\/#primaryimage","url":"http:\/\/www.telemat.co.uk\/wp-content\/uploads\/2022\/01\/Telemat-Office.jpg","contentUrl":"http:\/\/www.telemat.co.uk\/wp-content\/uploads\/2022\/01\/Telemat-Office.jpg"},{"@type":"BreadcrumbList","@id":"https:\/\/www.telemat.co.uk\/cy\/#breadcrumb","itemListElement":[{"@type":"ListItem","position":1,"name":"Home","item":"https:\/\/www.telemat.co.uk\/cy\/"},{"@type":"ListItem","position":2,"name":"Hafan"}]},{"@type":"WebSite","@id":"https:\/\/www.telemat.co.uk\/#website","url":"https:\/\/www.telemat.co.uk\/","name":"Telemat","description":"y dechnoleg, y wybodaeth","potentialAction":[{"@type":"SearchAction","target":{"@type":"EntryPoint","urlTemplate":"https:\/\/www.telemat.co.uk\/?s={search_term_string}"},"query-input":{"@type":"PropertyValueSpecification","valueRequired":true,"valueName":"search_term_string"}}],"inLanguage":"cy"}]}},"_links":{"self":[{"href":"https:\/\/www.telemat.co.uk\/cy\/wp-json\/wp\/v2\/pages\/124","targetHints":{"allow":["GET"]}}],"collection":[{"href":"https:\/\/www.telemat.co.uk\/cy\/wp-json\/wp\/v2\/pages"}],"about":[{"href":"https:\/\/www.telemat.co.uk\/cy\/wp-json\/wp\/v2\/types\/page"}],"author":[{"embeddable":true,"href":"https:\/\/www.telemat.co.uk\/cy\/wp-json\/wp\/v2\/users\/45"}],"replies":[{"embeddable":true,"href":"https:\/\/www.telemat.co.uk\/cy\/wp-json\/wp\/v2\/comments?post=124"}],"version-history":[{"count":0,"href":"https:\/\/www.telemat.co.uk\/cy\/wp-json\/wp\/v2\/pages\/124\/revisions"}],"wp:attachment":[{"href":"https:\/\/www.telemat.co.uk\/cy\/wp-json\/wp\/v2\/media?parent=124"}],"curies":[{"name":"wp","href":"https:\/\/api.w.org\/{rel}","templated":true}]}}